{"id":63,"date":"2021-03-08T15:24:03","date_gmt":"2021-03-08T14:24:03","guid":{"rendered":"http:\/\/nemoclaudit.fr\/?page_id=63"},"modified":"2021-11-03T17:27:07","modified_gmt":"2021-11-03T16:27:07","slug":"nemo-claudit","status":"publish","type":"page","link":"https:\/\/nemoclaudit.fr\/index.php\/nemo-claudit\/","title":{"rendered":"Nemo Claudit"},"content":{"rendered":"\n<h2>Notre approche<\/h2>\n\n\n\n<p><strong>Nemo claudit ? C\u2019est du latin.&nbsp;<\/strong><\/p>\n\n\n\n<p><strong>\u00c7a veut&nbsp; dire \u201cpersonne ne ferme\u201d.&nbsp; Et c\u2019est notre engagement.<\/strong><\/p>\n\n\n\n<p>Dans le monde actuel, o\u00f9 le num\u00e9rique d\u00e9stabilise le positionnement des organisations, o\u00f9 acteurs nouveaux et citoyens \u00e9mergent \u00e0 chaque instant,&nbsp; nous accompagnons nos clients pour r\u00e9inventer un positionnement, pour faire \u00e9voluer les structures et pr\u00e9parer vos \u00e9quipes, pour imaginer et cr\u00e9er des outils au service d\u2019une communication renouvel\u00e9e.&nbsp;<\/p>\n\n\n\n<p>Nous voulons vous ouvrir des portes et vous donner des clefs.<\/p>\n","protected":false},"excerpt":{"rendered":"<p>Notre approche Nemo claudit ? C\u2019est du latin.&nbsp; \u00c7a veut&nbsp; dire \u201cpersonne ne ferme\u201d.&nbsp; Et c\u2019est notre engagement. Dans le monde actuel, o\u00f9 le num\u00e9rique d\u00e9stabilise le positionnement des organisations, o\u00f9 acteurs nouveaux et citoyens \u00e9mergent \u00e0 chaque instant,&nbsp; nous accompagnons nos clients pour r\u00e9inventer un positionnement, pour faire \u00e9voluer les structures et pr\u00e9parer vos [&hellip;]<\/p>\n","protected":false},"author":1,"featured_media":65,"parent":0,"menu_order":0,"comment_status":"closed","ping_status":"closed","template":"template\/template-page-full-width.php","meta":[],"_links":{"self":[{"href":"https:\/\/nemoclaudit.fr\/index.php\/wp-json\/wp\/v2\/pages\/63"}],"collection":[{"href":"https:\/\/nemoclaudit.fr\/index.php\/wp-json\/wp\/v2\/pages"}],"about":[{"href":"https:\/\/nemoclaudit.fr\/index.php\/wp-json\/wp\/v2\/types\/page"}],"author":[{"embeddable":true,"href":"https:\/\/nemoclaudit.fr\/index.php\/wp-json\/wp\/v2\/users\/1"}],"replies":[{"embeddable":true,"href":"https:\/\/nemoclaudit.fr\/index.php\/wp-json\/wp\/v2\/comments?post=63"}],"version-history":[{"count":9,"href":"https:\/\/nemoclaudit.fr\/index.php\/wp-json\/wp\/v2\/pages\/63\/revisions"}],"predecessor-version":[{"id":128,"href":"https:\/\/nemoclaudit.fr\/index.php\/wp-json\/wp\/v2\/pages\/63\/revisions\/128"}],"wp:featuredmedia":[{"embeddable":true,"href":"https:\/\/nemoclaudit.fr\/index.php\/wp-json\/wp\/v2\/media\/65"}],"wp:attachment":[{"href":"https:\/\/nemoclaudit.fr\/index.php\/wp-json\/wp\/v2\/media?parent=63"}],"curies":[{"name":"wp","href":"https:\/\/api.w.org\/{rel}","templated":true}]}}