{"id":132,"date":"2021-11-03T17:57:41","date_gmt":"2021-11-03T16:57:41","guid":{"rendered":"http:\/\/nemoclaudit.fr\/?page_id=132"},"modified":"2021-11-03T17:58:24","modified_gmt":"2021-11-03T16:58:24","slug":"mentions-legales","status":"publish","type":"page","link":"https:\/\/nemoclaudit.fr\/index.php\/mentions-legales\/","title":{"rendered":"Mentions l\u00e9gales"},"content":{"rendered":"\n<p>Site \u00e9dit\u00e9 par Nemo Claudit &#8211; <br><br>SASU au capital de 1000 euros immatricul\u00e9e au RCS Saint-Nazaire B 821 131 778<\/p>\n\n\n\n<p>Si\u00e8ge social : 4 rue Vincent Auriol &#8211; 44600 Saint-Nazaire<br>Bureaux et correspondance : 133 corniche Kennedy &#8211; 13007 Marseille<\/p>\n\n\n\n<p>Directeur de la publication : Valerio Motta<br><br>Site h\u00e9berg\u00e9 par OVH &#8211; 2, rue Kellermann, 59100 Roubaix.<br><br><\/p>\n","protected":false},"excerpt":{"rendered":"<p>Site \u00e9dit\u00e9 par Nemo Claudit &#8211; SASU au capital de 1000 euros immatricul\u00e9e au RCS Saint-Nazaire B 821 131 778 Si\u00e8ge social : 4 rue Vincent Auriol &#8211; 44600 Saint-NazaireBureaux et correspondance : 133 corniche Kennedy &#8211; 13007 Marseille Directeur de la publication : Valerio Motta Site h\u00e9berg\u00e9 par OVH &#8211; 2, rue Kellermann, 59100 [&hellip;]<\/p>\n","protected":false},"author":1,"featured_media":0,"parent":0,"menu_order":0,"comment_status":"closed","ping_status":"closed","template":"","meta":[],"_links":{"self":[{"href":"https:\/\/nemoclaudit.fr\/index.php\/wp-json\/wp\/v2\/pages\/132"}],"collection":[{"href":"https:\/\/nemoclaudit.fr\/index.php\/wp-json\/wp\/v2\/pages"}],"about":[{"href":"https:\/\/nemoclaudit.fr\/index.php\/wp-json\/wp\/v2\/types\/page"}],"author":[{"embeddable":true,"href":"https:\/\/nemoclaudit.fr\/index.php\/wp-json\/wp\/v2\/users\/1"}],"replies":[{"embeddable":true,"href":"https:\/\/nemoclaudit.fr\/index.php\/wp-json\/wp\/v2\/comments?post=132"}],"version-history":[{"count":2,"href":"https:\/\/nemoclaudit.fr\/index.php\/wp-json\/wp\/v2\/pages\/132\/revisions"}],"predecessor-version":[{"id":134,"href":"https:\/\/nemoclaudit.fr\/index.php\/wp-json\/wp\/v2\/pages\/132\/revisions\/134"}],"wp:attachment":[{"href":"https:\/\/nemoclaudit.fr\/index.php\/wp-json\/wp\/v2\/media?parent=132"}],"curies":[{"name":"wp","href":"https:\/\/api.w.org\/{rel}","templated":true}]}}